{"id":19,"date":"2026-05-12T21:07:57","date_gmt":"2026-05-12T21:07:57","guid":{"rendered":"https:\/\/shiremomentum.com\/equipo\/"},"modified":"2026-05-12T21:11:33","modified_gmt":"2026-05-12T21:11:33","slug":"equipo","status":"publish","type":"page","link":"https:\/\/shiremomentum.com\/es_es\/equipo\/","title":{"rendered":"Equipo"},"content":{"rendered":"\n<div class=\"wp-block-group alignfull is-style-ext-preset--group--natural-1--section has-background-background-color has-background has-global-padding is-layout-constrained wp-container-core-group-is-layout-e955bbaf wp-block-group-is-layout-constrained\" id=\"equipo\" style=\"margin-top:0;margin-bottom:0;padding-top:var(--wp--preset--spacing--70);padding-bottom:var(--wp--preset--spacing--70)\">\n<div class=\"wp-block-group alignwide ext-is-logical-start has-global-padding is-content-justification-left is-layout-constrained wp-container-core-group-is-layout-20186816 wp-block-group-is-layout-constrained\">\n<h2 class=\"wp-block-heading ext-animate--on\">Equipo Directivo de Shire Momentum<\/h2>\n\n\n\n<p class=\"ext-animate--on\">Conozca a los profesionales dedicados que impulsan nuestro compromiso con la calidad y la sostenibilidad en el cultivo y exportaci\u00f3n de tabaco.<\/p>\n<\/div>\n\n\n\n<div class=\"wp-block-columns alignwide is-layout-flex wp-container-core-columns-is-layout-08c01c1c wp-block-columns-is-layout-flex\">\n<div class=\"wp-block-column is-vertically-aligned-stretch ext-animate--on is-layout-flow wp-block-column-is-layout-flow\">\n<div class=\"wp-block-group is-style-ext-preset--group--natural-1--item-card-1--align-start has-global-padding is-layout-constrained wp-block-group-is-layout-constrained is-style-ext-preset--group--natural-1--item-card-1--align-start--2\">\n<figure class=\"wp-block-image\"><img loading=\"lazy\" decoding=\"async\" width=\"1280\" height=\"1920\" class=\"wp-image-31\" src=\"https:\/\/shiremomentum.com\/wp-content\/uploads\/2026\/05\/36a54e0622f55fe74c283ea0fec349967e420444.jpg\" alt=\"\" style=\"aspect-ratio:1;object-fit:cover\" srcset=\"https:\/\/shiremomentum.com\/wp-content\/uploads\/2026\/05\/36a54e0622f55fe74c283ea0fec349967e420444.jpg 1280w, https:\/\/shiremomentum.com\/wp-content\/uploads\/2026\/05\/36a54e0622f55fe74c283ea0fec349967e420444-200x300.jpg 200w, https:\/\/shiremomentum.com\/wp-content\/uploads\/2026\/05\/36a54e0622f55fe74c283ea0fec349967e420444-683x1024.jpg 683w, https:\/\/shiremomentum.com\/wp-content\/uploads\/2026\/05\/36a54e0622f55fe74c283ea0fec349967e420444-768x1152.jpg 768w, https:\/\/shiremomentum.com\/wp-content\/uploads\/2026\/05\/36a54e0622f55fe74c283ea0fec349967e420444-1024x1536.jpg 1024w, https:\/\/shiremomentum.com\/wp-content\/uploads\/2026\/05\/36a54e0622f55fe74c283ea0fec349967e420444-8x12.jpg 8w\" sizes=\"auto, (max-width: 1280px) 100vw, 1280px\" \/><\/figure>\n\n\n\n<div class=\"wp-block-group is-style-default has-global-padding is-layout-constrained wp-block-group-is-layout-constrained\">\n<h3 class=\"wp-block-heading\" style=\"font-size:clamp(14px, 0.875rem + ((1vw - 3.2px) * 0.625), 20px);\">Andr\u00e9s Mvula<\/h3>\n\n\n\n<p style=\"margin-top:0;margin-bottom:0;font-size:clamp(14px, 0.875rem + ((1vw - 3.2px) * 0.417), 18px);\">Director de Operaciones<\/p>\n\n\n\n<p>Con m\u00e1s de 15 a\u00f1os liderando procesos agr\u00edcolas, aporta una visi\u00f3n estrat\u00e9gica para optimizar nuestra producci\u00f3n sostenible.<\/p>\n\n\n\n<ul class=\"wp-block-social-links has-normal-icon-size has-icon-color is-style-logos-only is-layout-flex wp-container-core-social-links-is-layout-0d829a00 wp-block-social-links-is-layout-flex\" style=\"margin-top:24px\"><li style=\"color:#0B0620;\" class=\"wp-social-link wp-social-link-linkedin has-foreground-color wp-block-social-link\"><a href=\"#\" class=\"wp-block-social-link-anchor\"><svg width=\"24\" height=\"24\" viewBox=\"0 0 24 24\" version=\"1.1\" xmlns=\"http:\/\/www.w3.org\/2000\/svg\" aria-hidden=\"true\" focusable=\"false\"><path d=\"M19.7,3H4.3C3.582,3,3,3.582,3,4.3v15.4C3,20.418,3.582,21,4.3,21h15.4c0.718,0,1.3-0.582,1.3-1.3V4.3 C21,3.582,20.418,3,19.7,3z M8.339,18.338H5.667v-8.59h2.672V18.338z M7.004,8.574c-0.857,0-1.549-0.694-1.549-1.548 c0-0.855,0.691-1.548,1.549-1.548c0.854,0,1.547,0.694,1.547,1.548C8.551,7.881,7.858,8.574,7.004,8.574z M18.339,18.338h-2.669 v-4.177c0-0.996-0.017-2.278-1.387-2.278c-1.389,0-1.601,1.086-1.601,2.206v4.249h-2.667v-8.59h2.559v1.174h0.037 c0.356-0.675,1.227-1.387,2.526-1.387c2.703,0,3.203,1.779,3.203,4.092V18.338z\"><\/path><\/svg><span class=\"wp-block-social-link-label screen-reader-text\">LinkedIn<\/span><\/a><\/li>\n\n<li style=\"color:#0B0620;\" class=\"wp-social-link wp-social-link-x has-foreground-color wp-block-social-link\"><a href=\"#\" class=\"wp-block-social-link-anchor\"><svg width=\"24\" height=\"24\" viewBox=\"0 0 24 24\" version=\"1.1\" xmlns=\"http:\/\/www.w3.org\/2000\/svg\" aria-hidden=\"true\" focusable=\"false\"><path d=\"M13.982 10.622 20.54 3h-1.554l-5.693 6.618L8.745 3H3.5l6.876 10.007L3.5 21h1.554l6.012-6.989L15.868 21h5.245l-7.131-10.378Zm-2.128 2.474-.697-.997-5.543-7.93H8l4.474 6.4.697.996 5.815 8.318h-2.387l-4.745-6.787Z\" \/><\/svg><span class=\"wp-block-social-link-label screen-reader-text\">X<\/span><\/a><\/li>\n\n<li style=\"color:#0B0620;\" class=\"wp-social-link wp-social-link-dribbble has-foreground-color wp-block-social-link\"><a href=\"#\" class=\"wp-block-social-link-anchor\"><svg width=\"24\" height=\"24\" viewBox=\"0 0 24 24\" version=\"1.1\" xmlns=\"http:\/\/www.w3.org\/2000\/svg\" aria-hidden=\"true\" focusable=\"false\"><path d=\"M12,22C6.486,22,2,17.514,2,12S6.486,2,12,2c5.514,0,10,4.486,10,10S17.514,22,12,22z M20.434,13.369 c-0.292-0.092-2.644-0.794-5.32-0.365c1.117,3.07,1.572,5.57,1.659,6.09C18.689,17.798,20.053,15.745,20.434,13.369z M15.336,19.876c-0.127-0.749-0.623-3.361-1.822-6.477c-0.019,0.006-0.038,0.013-0.056,0.019c-4.818,1.679-6.547,5.02-6.701,5.334 c1.448,1.129,3.268,1.803,5.243,1.803C13.183,20.555,14.311,20.313,15.336,19.876z M5.654,17.724 c0.193-0.331,2.538-4.213,6.943-5.637c0.111-0.036,0.224-0.07,0.337-0.102c-0.214-0.485-0.448-0.971-0.692-1.45 c-4.266,1.277-8.405,1.223-8.778,1.216c-0.003,0.087-0.004,0.174-0.004,0.261C3.458,14.207,4.29,16.21,5.654,17.724z M3.639,10.264 c0.382,0.005,3.901,0.02,7.897-1.041c-1.415-2.516-2.942-4.631-3.167-4.94C5.979,5.41,4.193,7.613,3.639,10.264z M9.998,3.709 c0.236,0.316,1.787,2.429,3.187,5c3.037-1.138,4.323-2.867,4.477-3.085C16.154,4.286,14.17,3.471,12,3.471 C11.311,3.471,10.641,3.554,9.998,3.709z M18.612,6.612C18.432,6.855,17,8.69,13.842,9.979c0.199,0.407,0.389,0.821,0.567,1.237 c0.063,0.148,0.124,0.295,0.184,0.441c2.842-0.357,5.666,0.215,5.948,0.275C20.522,9.916,19.801,8.065,18.612,6.612z\"><\/path><\/svg><span class=\"wp-block-social-link-label screen-reader-text\">Dribbble<\/span><\/a><\/li><\/ul>\n<\/div>\n<\/div>\n<\/div>\n\n\n\n<div class=\"wp-block-column is-vertically-aligned-stretch ext-animate--on is-layout-flow wp-block-column-is-layout-flow\">\n<div class=\"wp-block-group is-style-ext-preset--group--natural-1--item-card-1--align-start has-global-padding is-layout-constrained wp-block-group-is-layout-constrained is-style-ext-preset--group--natural-1--item-card-1--align-start--3\">\n<figure class=\"wp-block-image\"><img loading=\"lazy\" decoding=\"async\" width=\"1280\" height=\"1828\" class=\"wp-image-32\" src=\"https:\/\/shiremomentum.com\/wp-content\/uploads\/2026\/05\/2b783ce0fcce64ff67550eff598174e761599f21.jpg\" alt=\"\" style=\"aspect-ratio:1;object-fit:cover\" srcset=\"https:\/\/shiremomentum.com\/wp-content\/uploads\/2026\/05\/2b783ce0fcce64ff67550eff598174e761599f21.jpg 1280w, https:\/\/shiremomentum.com\/wp-content\/uploads\/2026\/05\/2b783ce0fcce64ff67550eff598174e761599f21-210x300.jpg 210w, https:\/\/shiremomentum.com\/wp-content\/uploads\/2026\/05\/2b783ce0fcce64ff67550eff598174e761599f21-717x1024.jpg 717w, https:\/\/shiremomentum.com\/wp-content\/uploads\/2026\/05\/2b783ce0fcce64ff67550eff598174e761599f21-768x1097.jpg 768w, https:\/\/shiremomentum.com\/wp-content\/uploads\/2026\/05\/2b783ce0fcce64ff67550eff598174e761599f21-1076x1536.jpg 1076w, https:\/\/shiremomentum.com\/wp-content\/uploads\/2026\/05\/2b783ce0fcce64ff67550eff598174e761599f21-8x12.jpg 8w\" sizes=\"auto, (max-width: 1280px) 100vw, 1280px\" \/><\/figure>\n\n\n\n<div class=\"wp-block-group is-style-default has-global-padding is-layout-constrained wp-block-group-is-layout-constrained\">\n<h3 class=\"wp-block-heading\" style=\"font-size:clamp(14px, 0.875rem + ((1vw - 3.2px) * 0.625), 20px);\">Lilian Banda<\/h3>\n\n\n\n<p style=\"margin-top:0;margin-bottom:0;font-size:clamp(14px, 0.875rem + ((1vw - 3.2px) * 0.417), 18px);\">Gerente de Desarrollo de Negocios<\/p>\n\n\n\n<p>Experta en comercio internacional, impulsa la expansi\u00f3n global y fortalece las relaciones con socios y clientes clave.<\/p>\n\n\n\n<ul class=\"wp-block-social-links has-normal-icon-size has-icon-color is-style-logos-only is-layout-flex wp-container-core-social-links-is-layout-0d829a00 wp-block-social-links-is-layout-flex\" style=\"margin-top:24px\"><li style=\"color:#0B0620;\" class=\"wp-social-link wp-social-link-linkedin has-foreground-color wp-block-social-link\"><a href=\"#\" class=\"wp-block-social-link-anchor\"><svg width=\"24\" height=\"24\" viewBox=\"0 0 24 24\" version=\"1.1\" xmlns=\"http:\/\/www.w3.org\/2000\/svg\" aria-hidden=\"true\" focusable=\"false\"><path d=\"M19.7,3H4.3C3.582,3,3,3.582,3,4.3v15.4C3,20.418,3.582,21,4.3,21h15.4c0.718,0,1.3-0.582,1.3-1.3V4.3 C21,3.582,20.418,3,19.7,3z M8.339,18.338H5.667v-8.59h2.672V18.338z M7.004,8.574c-0.857,0-1.549-0.694-1.549-1.548 c0-0.855,0.691-1.548,1.549-1.548c0.854,0,1.547,0.694,1.547,1.548C8.551,7.881,7.858,8.574,7.004,8.574z M18.339,18.338h-2.669 v-4.177c0-0.996-0.017-2.278-1.387-2.278c-1.389,0-1.601,1.086-1.601,2.206v4.249h-2.667v-8.59h2.559v1.174h0.037 c0.356-0.675,1.227-1.387,2.526-1.387c2.703,0,3.203,1.779,3.203,4.092V18.338z\"><\/path><\/svg><span class=\"wp-block-social-link-label screen-reader-text\">LinkedIn<\/span><\/a><\/li>\n\n<li style=\"color:#0B0620;\" class=\"wp-social-link wp-social-link-x has-foreground-color wp-block-social-link\"><a href=\"#\" class=\"wp-block-social-link-anchor\"><svg width=\"24\" height=\"24\" viewBox=\"0 0 24 24\" version=\"1.1\" xmlns=\"http:\/\/www.w3.org\/2000\/svg\" aria-hidden=\"true\" focusable=\"false\"><path d=\"M13.982 10.622 20.54 3h-1.554l-5.693 6.618L8.745 3H3.5l6.876 10.007L3.5 21h1.554l6.012-6.989L15.868 21h5.245l-7.131-10.378Zm-2.128 2.474-.697-.997-5.543-7.93H8l4.474 6.4.697.996 5.815 8.318h-2.387l-4.745-6.787Z\" \/><\/svg><span class=\"wp-block-social-link-label screen-reader-text\">X<\/span><\/a><\/li>\n\n<li style=\"color:#0B0620;\" class=\"wp-social-link wp-social-link-dribbble has-foreground-color wp-block-social-link\"><a href=\"#\" class=\"wp-block-social-link-anchor\"><svg width=\"24\" height=\"24\" viewBox=\"0 0 24 24\" version=\"1.1\" xmlns=\"http:\/\/www.w3.org\/2000\/svg\" aria-hidden=\"true\" focusable=\"false\"><path d=\"M12,22C6.486,22,2,17.514,2,12S6.486,2,12,2c5.514,0,10,4.486,10,10S17.514,22,12,22z M20.434,13.369 c-0.292-0.092-2.644-0.794-5.32-0.365c1.117,3.07,1.572,5.57,1.659,6.09C18.689,17.798,20.053,15.745,20.434,13.369z M15.336,19.876c-0.127-0.749-0.623-3.361-1.822-6.477c-0.019,0.006-0.038,0.013-0.056,0.019c-4.818,1.679-6.547,5.02-6.701,5.334 c1.448,1.129,3.268,1.803,5.243,1.803C13.183,20.555,14.311,20.313,15.336,19.876z M5.654,17.724 c0.193-0.331,2.538-4.213,6.943-5.637c0.111-0.036,0.224-0.07,0.337-0.102c-0.214-0.485-0.448-0.971-0.692-1.45 c-4.266,1.277-8.405,1.223-8.778,1.216c-0.003,0.087-0.004,0.174-0.004,0.261C3.458,14.207,4.29,16.21,5.654,17.724z M3.639,10.264 c0.382,0.005,3.901,0.02,7.897-1.041c-1.415-2.516-2.942-4.631-3.167-4.94C5.979,5.41,4.193,7.613,3.639,10.264z M9.998,3.709 c0.236,0.316,1.787,2.429,3.187,5c3.037-1.138,4.323-2.867,4.477-3.085C16.154,4.286,14.17,3.471,12,3.471 C11.311,3.471,10.641,3.554,9.998,3.709z M18.612,6.612C18.432,6.855,17,8.69,13.842,9.979c0.199,0.407,0.389,0.821,0.567,1.237 c0.063,0.148,0.124,0.295,0.184,0.441c2.842-0.357,5.666,0.215,5.948,0.275C20.522,9.916,19.801,8.065,18.612,6.612z\"><\/path><\/svg><span class=\"wp-block-social-link-label screen-reader-text\">Dribbble<\/span><\/a><\/li><\/ul>\n<\/div>\n<\/div>\n<\/div>\n\n\n\n<div class=\"wp-block-column is-vertically-aligned-stretch ext-animate--on is-layout-flow wp-block-column-is-layout-flow\">\n<div class=\"wp-block-group is-style-ext-preset--group--natural-1--item-card-1--align-start has-global-padding is-layout-constrained wp-block-group-is-layout-constrained is-style-ext-preset--group--natural-1--item-card-1--align-start--4\">\n<figure class=\"wp-block-image\"><img loading=\"lazy\" decoding=\"async\" width=\"1280\" height=\"1920\" class=\"wp-image-34\" src=\"https:\/\/shiremomentum.com\/wp-content\/uploads\/2026\/05\/ad4a7a9e98786fd01a32e2bb82ad02c6c0f18f7a.jpg\" alt=\"\" style=\"aspect-ratio:1;object-fit:cover\" srcset=\"https:\/\/shiremomentum.com\/wp-content\/uploads\/2026\/05\/ad4a7a9e98786fd01a32e2bb82ad02c6c0f18f7a.jpg 1280w, https:\/\/shiremomentum.com\/wp-content\/uploads\/2026\/05\/ad4a7a9e98786fd01a32e2bb82ad02c6c0f18f7a-200x300.jpg 200w, https:\/\/shiremomentum.com\/wp-content\/uploads\/2026\/05\/ad4a7a9e98786fd01a32e2bb82ad02c6c0f18f7a-683x1024.jpg 683w, https:\/\/shiremomentum.com\/wp-content\/uploads\/2026\/05\/ad4a7a9e98786fd01a32e2bb82ad02c6c0f18f7a-768x1152.jpg 768w, https:\/\/shiremomentum.com\/wp-content\/uploads\/2026\/05\/ad4a7a9e98786fd01a32e2bb82ad02c6c0f18f7a-1024x1536.jpg 1024w, https:\/\/shiremomentum.com\/wp-content\/uploads\/2026\/05\/ad4a7a9e98786fd01a32e2bb82ad02c6c0f18f7a-8x12.jpg 8w\" sizes=\"auto, (max-width: 1280px) 100vw, 1280px\" \/><\/figure>\n\n\n\n<div class=\"wp-block-group is-style-default has-global-padding is-layout-constrained wp-block-group-is-layout-constrained\">\n<h3 class=\"wp-block-heading\" style=\"font-size:clamp(14px, 0.875rem + ((1vw - 3.2px) * 0.625), 20px);\">Felix Kamwendo<\/h3>\n\n\n\n<p style=\"margin-top:0;margin-bottom:0;font-size:clamp(14px, 0.875rem + ((1vw - 3.2px) * 0.417), 18px);\">Jefe de Sostenibilidad<\/p>\n\n\n\n<p>Especialista en pr\u00e1cticas ambientales, lidera iniciativas que promueven el desarrollo local y la responsabilidad social.<\/p>\n\n\n\n<ul class=\"wp-block-social-links has-normal-icon-size has-icon-color is-style-logos-only is-layout-flex wp-container-core-social-links-is-layout-0d829a00 wp-block-social-links-is-layout-flex\" style=\"margin-top:24px\"><li style=\"color:#0B0620;\" class=\"wp-social-link wp-social-link-linkedin has-foreground-color wp-block-social-link\"><a href=\"#\" class=\"wp-block-social-link-anchor\"><svg width=\"24\" height=\"24\" viewBox=\"0 0 24 24\" version=\"1.1\" xmlns=\"http:\/\/www.w3.org\/2000\/svg\" aria-hidden=\"true\" focusable=\"false\"><path d=\"M19.7,3H4.3C3.582,3,3,3.582,3,4.3v15.4C3,20.418,3.582,21,4.3,21h15.4c0.718,0,1.3-0.582,1.3-1.3V4.3 C21,3.582,20.418,3,19.7,3z M8.339,18.338H5.667v-8.59h2.672V18.338z M7.004,8.574c-0.857,0-1.549-0.694-1.549-1.548 c0-0.855,0.691-1.548,1.549-1.548c0.854,0,1.547,0.694,1.547,1.548C8.551,7.881,7.858,8.574,7.004,8.574z M18.339,18.338h-2.669 v-4.177c0-0.996-0.017-2.278-1.387-2.278c-1.389,0-1.601,1.086-1.601,2.206v4.249h-2.667v-8.59h2.559v1.174h0.037 c0.356-0.675,1.227-1.387,2.526-1.387c2.703,0,3.203,1.779,3.203,4.092V18.338z\"><\/path><\/svg><span class=\"wp-block-social-link-label screen-reader-text\">LinkedIn<\/span><\/a><\/li>\n\n<li style=\"color:#0B0620;\" class=\"wp-social-link wp-social-link-x has-foreground-color wp-block-social-link\"><a href=\"#\" class=\"wp-block-social-link-anchor\"><svg width=\"24\" height=\"24\" viewBox=\"0 0 24 24\" version=\"1.1\" xmlns=\"http:\/\/www.w3.org\/2000\/svg\" aria-hidden=\"true\" focusable=\"false\"><path d=\"M13.982 10.622 20.54 3h-1.554l-5.693 6.618L8.745 3H3.5l6.876 10.007L3.5 21h1.554l6.012-6.989L15.868 21h5.245l-7.131-10.378Zm-2.128 2.474-.697-.997-5.543-7.93H8l4.474 6.4.697.996 5.815 8.318h-2.387l-4.745-6.787Z\" \/><\/svg><span class=\"wp-block-social-link-label screen-reader-text\">X<\/span><\/a><\/li>\n\n<li style=\"color:#0B0620;\" class=\"wp-social-link wp-social-link-dribbble has-foreground-color wp-block-social-link\"><a href=\"#\" class=\"wp-block-social-link-anchor\"><svg width=\"24\" height=\"24\" viewBox=\"0 0 24 24\" version=\"1.1\" xmlns=\"http:\/\/www.w3.org\/2000\/svg\" aria-hidden=\"true\" focusable=\"false\"><path d=\"M12,22C6.486,22,2,17.514,2,12S6.486,2,12,2c5.514,0,10,4.486,10,10S17.514,22,12,22z M20.434,13.369 c-0.292-0.092-2.644-0.794-5.32-0.365c1.117,3.07,1.572,5.57,1.659,6.09C18.689,17.798,20.053,15.745,20.434,13.369z M15.336,19.876c-0.127-0.749-0.623-3.361-1.822-6.477c-0.019,0.006-0.038,0.013-0.056,0.019c-4.818,1.679-6.547,5.02-6.701,5.334 c1.448,1.129,3.268,1.803,5.243,1.803C13.183,20.555,14.311,20.313,15.336,19.876z M5.654,17.724 c0.193-0.331,2.538-4.213,6.943-5.637c0.111-0.036,0.224-0.07,0.337-0.102c-0.214-0.485-0.448-0.971-0.692-1.45 c-4.266,1.277-8.405,1.223-8.778,1.216c-0.003,0.087-0.004,0.174-0.004,0.261C3.458,14.207,4.29,16.21,5.654,17.724z M3.639,10.264 c0.382,0.005,3.901,0.02,7.897-1.041c-1.415-2.516-2.942-4.631-3.167-4.94C5.979,5.41,4.193,7.613,3.639,10.264z M9.998,3.709 c0.236,0.316,1.787,2.429,3.187,5c3.037-1.138,4.323-2.867,4.477-3.085C16.154,4.286,14.17,3.471,12,3.471 C11.311,3.471,10.641,3.554,9.998,3.709z M18.612,6.612C18.432,6.855,17,8.69,13.842,9.979c0.199,0.407,0.389,0.821,0.567,1.237 c0.063,0.148,0.124,0.295,0.184,0.441c2.842-0.357,5.666,0.215,5.948,0.275C20.522,9.916,19.801,8.065,18.612,6.612z\"><\/path><\/svg><span class=\"wp-block-social-link-label screen-reader-text\">Dribbble<\/span><\/a><\/li><\/ul>\n<\/div>\n<\/div>\n<\/div>\n<\/div>\n<\/div>\n\n<div class=\"wp-block-group alignfull is-style-ext-preset--group--natural-1--section has-tertiary-background-color has-background has-global-padding is-layout-constrained wp-block-group-is-layout-constrained\" id=\"acerca-de\" style=\"margin-top:0;margin-bottom:0;padding-top:var(--wp--preset--spacing--70);padding-bottom:var(--wp--preset--spacing--70)\">\n<div class=\"wp-block-columns alignwide are-vertically-aligned-center is-layout-flex wp-container-core-columns-is-layout-174606dc wp-block-columns-is-layout-flex\">\n<div class=\"wp-block-column is-vertically-aligned-center is-layout-flow wp-block-column-is-layout-flow\">\n<figure class=\"wp-block-image is-style-ext-preset--image--natural-1--image-1--content-right ext-animate--on is-style-ext-preset--image--natural-1--image-1--content-right--6\"><img loading=\"lazy\" decoding=\"async\" width=\"1440\" height=\"711\" class=\"wp-image-38\" src=\"https:\/\/shiremomentum.com\/wp-content\/uploads\/2026\/05\/57a8feaa00fe915971c78611585bbc5abeccb9a2.jpg\" alt=\"\" style=\"aspect-ratio:1;object-fit:cover\" srcset=\"https:\/\/shiremomentum.com\/wp-content\/uploads\/2026\/05\/57a8feaa00fe915971c78611585bbc5abeccb9a2.jpg 1440w, https:\/\/shiremomentum.com\/wp-content\/uploads\/2026\/05\/57a8feaa00fe915971c78611585bbc5abeccb9a2-300x148.jpg 300w, https:\/\/shiremomentum.com\/wp-content\/uploads\/2026\/05\/57a8feaa00fe915971c78611585bbc5abeccb9a2-1024x506.jpg 1024w, https:\/\/shiremomentum.com\/wp-content\/uploads\/2026\/05\/57a8feaa00fe915971c78611585bbc5abeccb9a2-768x379.jpg 768w, https:\/\/shiremomentum.com\/wp-content\/uploads\/2026\/05\/57a8feaa00fe915971c78611585bbc5abeccb9a2-18x9.jpg 18w\" sizes=\"auto, (max-width: 1440px) 100vw, 1440px\" \/><\/figure>\n<\/div>\n\n\n\n<div class=\"wp-block-column is-vertically-aligned-center is-layout-flow wp-block-column-is-layout-flow\">\n<h2 class=\"wp-block-heading ext-animate--on\">Conoce la misi\u00f3n y visi\u00f3n que impulsan nuestro crecimiento sostenible.<\/h2>\n\n\n\n<p class=\"ext-animate--on\" style=\"margin-top:1.5rem\">Aqu\u00ed presentamos los valores fundamentales y la misi\u00f3n que orientan nuestras acciones, junto con una visi\u00f3n clara que define el rumbo estrat\u00e9gico de Shire Momentum.<\/p>\n<\/div>\n<\/div>\n<\/div>\n\n<div class=\"wp-block-group alignfull is-style-ext-preset--group--natural-1--section has-background-background-color has-background has-global-padding is-layout-constrained wp-container-core-group-is-layout-e955bbaf wp-block-group-is-layout-constrained\" style=\"margin-top:0;margin-bottom:0;padding-top:var(--wp--preset--spacing--70);padding-bottom:var(--wp--preset--spacing--70)\">\n<div class=\"wp-block-group alignwide ext-is-logical-start has-global-padding is-content-justification-left is-layout-constrained wp-container-core-group-is-layout-6729bdbe wp-block-group-is-layout-constrained\">\n<h2 class=\"wp-block-heading ext-animate--on\">Compromiso con la calidad<\/h2>\n\n\n\n<p class=\"has-text-align-left ext-animate--on\">En esta secci\u00f3n mostramos los principales reconocimientos que respaldan nuestra excelencia y responsabilidad en el sector del tabaco.<\/p>\n<\/div>\n\n\n\n<div class=\"wp-block-columns alignwide is-layout-flex wp-container-core-columns-is-layout-08c01c1c wp-block-columns-is-layout-flex\">\n<div class=\"wp-block-column ext-animate--on is-layout-flow wp-block-column-is-layout-flow\">\n<div class=\"wp-block-group is-style-ext-preset--group--natural-1--item-card-1--align-start has-global-padding is-layout-constrained wp-block-group-is-layout-constrained is-style-ext-preset--group--natural-1--item-card-1--align-start--8\">\n<div class=\"wp-block-group is-style-default has-global-padding is-layout-constrained wp-block-group-is-layout-constrained\">\n<figure class=\"wp-block-image size-large wp-duotone-primary-foreground\"><img decoding=\"async\" src=\"data:image\/svg+xml;base64,PHN2ZyB4bWxucz0iaHR0cDovL3d3dy53My5vcmcvMjAwMC9zdmciIHdpZHRoPSI0OCIgaGVpZ2h0PSI0OCIgZmlsbD0iIzAwMDAwMCIgdmlld0JveD0iMCAwIDI1NiAyNTYiPjxwYXRoIGQ9Ik0yMzIsNjRIMjA4VjQ4YTgsOCwwLDAsMC04LThINTZhOCw4LDAsMCwwLTgsOFY2NEgyNEExNiwxNiwwLDAsMCw4LDgwVjk2YTQwLDQwLDAsMCwwLDQwLDQwaDMuNjVBODAuMTMsODAuMTMsMCwwLDAsMTIwLDE5MS42MVYyMTZIOTZhOCw4LDAsMCwwLDAsMTZoNjRhOCw4LDAsMCwwLDAtMTZIMTM2VjE5MS41OGMzMS45NC0zLjIzLDU4LjQ0LTI1LjY0LDY4LjA4LTU1LjU4SDIwOGE0MCw0MCwwLDAsMCw0MC00MFY4MEExNiwxNiwwLDAsMCwyMzIsNjRaTTQ4LDEyMEEyNCwyNCwwLDAsMSwyNCw5NlY4MEg0OHYzMnEwLDQsLjM5LDhabTE0NC04LjljMCwzNS41Mi0yOSw2NC42NC02NCw2NC45YTY0LDY0LDAsMCwxLTY0LTY0VjU2SDE5MlpNMjMyLDk2YTI0LDI0LDAsMCwxLTI0LDI0aC0uNWE4MS44MSw4MS44MSwwLDAsMCwuNS04LjlWODBoMjRaIj48L3BhdGg+PC9zdmc+\" alt=\"\"\/><\/figure>\n\n\n\n<h3 class=\"wp-block-heading\">Premio a la Sostenibilidad Agr\u00edcola<\/h3>\n\n\n\n<p>Reconocimiento otorgado por pr\u00e1cticas agr\u00edcolas innovadoras y compromiso con el medio ambiente en Malawi.<\/p>\n<\/div>\n<\/div>\n<\/div>\n\n\n\n<div class=\"wp-block-column ext-animate--on is-layout-flow wp-block-column-is-layout-flow\">\n<div class=\"wp-block-group is-style-ext-preset--group--natural-1--item-card-1--align-start has-global-padding is-layout-constrained wp-block-group-is-layout-constrained is-style-ext-preset--group--natural-1--item-card-1--align-start--9\">\n<div class=\"wp-block-group is-style-default has-global-padding is-layout-constrained wp-block-group-is-layout-constrained\">\n<figure class=\"wp-block-image size-large wp-duotone-primary-foreground\"><img decoding=\"async\" src=\"data:image\/svg+xml;base64,PHN2ZyB4bWxucz0iaHR0cDovL3d3dy53My5vcmcvMjAwMC9zdmciIHdpZHRoPSI0OCIgaGVpZ2h0PSI0OCIgZmlsbD0iIzAwMDAwMCIgdmlld0JveD0iMCAwIDI1NiAyNTYiPjxwYXRoIGQ9Ik0yMTYsOTZBODgsODgsMCwxLDAsNzIsMTYzLjgzVjI0MGE4LDgsMCwwLDAsMTEuNTgsNy4xNkwxMjgsMjI1bDQ0LjQzLDIyLjIxQTguMDcsOC4wNywwLDAsMCwxNzYsMjQ4YTgsOCwwLDAsMCw4LThWMTYzLjgzQTg3Ljg1LDg3Ljg1LDAsMCwwLDIxNiw5NlpNNTYsOTZhNzIsNzIsMCwxLDEsNzIsNzJBNzIuMDgsNzIuMDgsMCwwLDEsNTYsOTZaTTE2OCwyMjcuMDZsLTM2LjQzLTE4LjIxYTgsOCwwLDAsMC03LjE2LDBMODgsMjI3LjA2VjE3NC4zN2E4Ny44OSw4Ny44OSwwLDAsMCw4MCwwWk0xMjgsMTUyQTU2LDU2LDAsMSwwLDcyLDk2LDU2LjA2LDU2LjA2LDAsMCwwLDEyOCwxNTJabTAtOTZBNDAsNDAsMCwxLDEsODgsOTYsNDAsNDAsMCwwLDEsMTI4LDU2WiI+PC9wYXRoPjwvc3ZnPg==\" alt=\"\"\/><\/figure>\n\n\n\n<h3 class=\"wp-block-heading\">Certificaci\u00f3n de Exportaci\u00f3n Premium<\/h3>\n\n\n\n<p>Distinci\u00f3n que avala la calidad superior de nuestros productos en mercados internacionales.<\/p>\n<\/div>\n<\/div>\n<\/div>\n\n\n\n<div class=\"wp-block-column ext-animate--on is-layout-flow wp-block-column-is-layout-flow\">\n<div class=\"wp-block-group is-style-ext-preset--group--natural-1--item-card-1--align-start has-global-padding is-layout-constrained wp-block-group-is-layout-constrained is-style-ext-preset--group--natural-1--item-card-1--align-start--10\">\n<div class=\"wp-block-group is-style-default has-global-padding is-layout-constrained wp-block-group-is-layout-constrained\">\n<figure class=\"wp-block-image size-large wp-duotone-primary-foreground\"><img decoding=\"async\" src=\"data:image\/svg+xml;base64,PHN2ZyB4bWxucz0iaHR0cDovL3d3dy53My5vcmcvMjAwMC9zdmciIHdpZHRoPSI0OCIgaGVpZ2h0PSI0OCIgZmlsbD0iIzAwMDAwMCIgdmlld0JveD0iMCAwIDI1NiAyNTYiPjxwYXRoIGQ9Ik0xMjgsMTM2YTgsOCwwLDAsMS04LDhINzJhOCw4LDAsMCwxLDAtMTZoNDhBOCw4LDAsMCwxLDEyOCwxMzZabS04LTQwSDcyYTgsOCwwLDAsMCwwLDE2aDQ4YTgsOCwwLDAsMCwwLTE2Wm0xMTIsNjUuNDdWMjI0QTgsOCwwLDAsMSwyMjAsMjMxbC0yNC0xMy43NEwxNzIsMjMxQTgsOCwwLDAsMSwxNjAsMjI0VjIwMEg0MGExNiwxNiwwLDAsMS0xNi0xNlY1NkExNiwxNiwwLDAsMSw0MCw0MEgyMTZhMTYsMTYsMCwwLDEsMTYsMTZWODYuNTNhNTEuODgsNTEuODgsMCwwLDEsMCw3NC45NFpNMTYwLDE4NFYxNjEuNDdBNTIsNTIsMCwwLDEsMjE2LDc2VjU2SDQwVjE4NFptNTYtMTJhNTEuODgsNTEuODgsMCwwLDEtNDAsMHYzOC4yMmwxNi05LjE2YTgsOCwwLDAsMSw3Ljk0LDBsMTYsOS4xNlptMTYtNDhhMzYsMzYsMCwxLDAtMzYsMzZBMzYsMzYsMCwwLDAsMjMyLDEyNFoiPjwvcGF0aD48L3N2Zz4=\" alt=\"\"\/><\/figure>\n\n\n\n<h3 class=\"wp-block-heading\">Premio a Desarrollo Comunitario<\/h3>\n\n\n\n<p>Galard\u00f3n que destaca nuestras iniciativas para impulsar el bienestar y progreso de las comunidades locales.<\/p>\n<\/div>\n<\/div>\n<\/div>\n<\/div>\n<\/div>\n","protected":false},"excerpt":{"rendered":"<p>Equipo Directivo de Shire Momentum Conozca a los profesionales dedicados que impulsan nuestro compromiso con la calidad y la sostenibilidad en el cultivo y exportaci\u00f3n de tabaco. Andr\u00e9s Mvula Director de Operaciones Con m\u00e1s de 15 a\u00f1os liderando procesos agr\u00edcolas, aporta una visi\u00f3n estrat\u00e9gica para optimizar nuestra producci\u00f3n sostenible. Lilian Banda Gerente de Desarrollo de [&hellip;]<\/p>\n","protected":false},"author":1,"featured_media":0,"parent":0,"menu_order":0,"comment_status":"closed","ping_status":"closed","template":"page-with-title","meta":{"footnotes":""},"class_list":["post-19","page","type-page","status-publish","hentry"],"_links":{"self":[{"href":"https:\/\/shiremomentum.com\/es_es\/wp-json\/wp\/v2\/pages\/19","targetHints":{"allow":["GET"]}}],"collection":[{"href":"https:\/\/shiremomentum.com\/es_es\/wp-json\/wp\/v2\/pages"}],"about":[{"href":"https:\/\/shiremomentum.com\/es_es\/wp-json\/wp\/v2\/types\/page"}],"author":[{"embeddable":true,"href":"https:\/\/shiremomentum.com\/es_es\/wp-json\/wp\/v2\/users\/1"}],"replies":[{"embeddable":true,"href":"https:\/\/shiremomentum.com\/es_es\/wp-json\/wp\/v2\/comments?post=19"}],"version-history":[{"count":1,"href":"https:\/\/shiremomentum.com\/es_es\/wp-json\/wp\/v2\/pages\/19\/revisions"}],"predecessor-version":[{"id":45,"href":"https:\/\/shiremomentum.com\/es_es\/wp-json\/wp\/v2\/pages\/19\/revisions\/45"}],"wp:attachment":[{"href":"https:\/\/shiremomentum.com\/es_es\/wp-json\/wp\/v2\/media?parent=19"}],"curies":[{"name":"wp","href":"https:\/\/api.w.org\/{rel}","templated":true}]}}