{"id":18,"date":"2026-05-12T21:07:56","date_gmt":"2026-05-12T21:07:56","guid":{"rendered":"https:\/\/shiremomentum.com\/servicios\/"},"modified":"2026-05-12T21:11:33","modified_gmt":"2026-05-12T21:11:33","slug":"servicios","status":"publish","type":"page","link":"https:\/\/shiremomentum.com\/en\/servicios\/","title":{"rendered":"Servicios"},"content":{"rendered":"<div class=\"wp-block-group alignfull is-style-ext-preset--group--natural-1--section has-background-background-color has-background has-global-padding is-layout-constrained wp-container-core-group-is-layout-e955bbaf wp-block-group-is-layout-constrained\" id=\"servicios\" style=\"margin-top:0;margin-bottom:0;padding-top:var(--wp--preset--spacing--70);padding-bottom:var(--wp--preset--spacing--70)\">\n<div class=\"wp-block-group alignwide ext-is-logical-start has-global-padding is-content-justification-left is-layout-constrained wp-container-core-group-is-layout-6729bdbe wp-block-group-is-layout-constrained\">\n<h2 class=\"wp-block-heading ext-animate--on\">Nuestros Servicios Especializados<\/h2>\n\n\n\n<p class=\"has-text-align-left ext-animate--on\">Explore c\u00f3mo nuestros servicios integrales en cultivo y exportaci\u00f3n de tabaco garantizan calidad, sostenibilidad y desarrollo local.<\/p>\n<\/div>\n\n\n\n<div class=\"wp-block-columns alignwide is-layout-flex wp-container-core-columns-is-layout-08c01c1c wp-block-columns-is-layout-flex\">\n<div class=\"wp-block-column ext-animate--on is-layout-flow wp-block-column-is-layout-flow\">\n<div class=\"wp-block-group is-style-ext-preset--group--natural-1--item-card-1--align-start has-global-padding is-layout-constrained wp-block-group-is-layout-constrained is-style-ext-preset--group--natural-1--item-card-1--align-start--2\">\n<figure class=\"wp-block-image\"><img loading=\"lazy\" decoding=\"async\" width=\"1080\" height=\"1440\" class=\"wp-image-42\" src=\"https:\/\/shiremomentum.com\/wp-content\/uploads\/2026\/05\/26d31922c8ec99e2c9aa358d6428072cc8159ad6.jpg\" alt=\"\" style=\"aspect-ratio:4\/3;object-fit:cover\" srcset=\"https:\/\/shiremomentum.com\/wp-content\/uploads\/2026\/05\/26d31922c8ec99e2c9aa358d6428072cc8159ad6.jpg 1080w, https:\/\/shiremomentum.com\/wp-content\/uploads\/2026\/05\/26d31922c8ec99e2c9aa358d6428072cc8159ad6-225x300.jpg 225w, https:\/\/shiremomentum.com\/wp-content\/uploads\/2026\/05\/26d31922c8ec99e2c9aa358d6428072cc8159ad6-768x1024.jpg 768w, https:\/\/shiremomentum.com\/wp-content\/uploads\/2026\/05\/26d31922c8ec99e2c9aa358d6428072cc8159ad6-9x12.jpg 9w\" sizes=\"auto, (max-width: 1080px) 100vw, 1080px\" \/><\/figure>\n\n\n\n<div class=\"wp-block-group is-style-default has-global-padding is-layout-constrained wp-block-group-is-layout-constrained\">\n<h3 class=\"wp-block-heading\">Cultivo de Tabaco<\/h3>\n\n\n\n<p>Cultivamos tabaco de alta calidad utilizando pr\u00e1cticas sostenibles adaptadas a las condiciones \u00fanicas de Malawi.<\/p>\n<\/div>\n<\/div>\n<\/div>\n\n\n\n<div class=\"wp-block-column ext-animate--on is-layout-flow wp-block-column-is-layout-flow\">\n<div class=\"wp-block-group is-style-ext-preset--group--natural-1--item-card-1--align-start has-global-padding is-layout-constrained wp-block-group-is-layout-constrained is-style-ext-preset--group--natural-1--item-card-1--align-start--3\">\n<figure class=\"wp-block-image\"><img loading=\"lazy\" decoding=\"async\" width=\"1440\" height=\"961\" class=\"wp-image-27\" src=\"https:\/\/shiremomentum.com\/wp-content\/uploads\/2026\/05\/5e77c895873554a4e2b33173a80d55b3a9484933.jpg\" alt=\"\" style=\"aspect-ratio:4\/3;object-fit:cover\" srcset=\"https:\/\/shiremomentum.com\/wp-content\/uploads\/2026\/05\/5e77c895873554a4e2b33173a80d55b3a9484933.jpg 1440w, https:\/\/shiremomentum.com\/wp-content\/uploads\/2026\/05\/5e77c895873554a4e2b33173a80d55b3a9484933-300x200.jpg 300w, https:\/\/shiremomentum.com\/wp-content\/uploads\/2026\/05\/5e77c895873554a4e2b33173a80d55b3a9484933-1024x683.jpg 1024w, https:\/\/shiremomentum.com\/wp-content\/uploads\/2026\/05\/5e77c895873554a4e2b33173a80d55b3a9484933-768x513.jpg 768w, https:\/\/shiremomentum.com\/wp-content\/uploads\/2026\/05\/5e77c895873554a4e2b33173a80d55b3a9484933-18x12.jpg 18w\" sizes=\"auto, (max-width: 1440px) 100vw, 1440px\" \/><\/figure>\n\n\n\n<div class=\"wp-block-group is-style-default has-global-padding is-layout-constrained wp-block-group-is-layout-constrained\">\n<h3 class=\"wp-block-heading\">Exportaci\u00f3n Global<\/h3>\n\n\n\n<p>Gestionamos la exportaci\u00f3n eficiente y segura de tabaco, conectando productores locales con mercados internacionales.<\/p>\n<\/div>\n<\/div>\n<\/div>\n\n\n\n<div class=\"wp-block-column ext-animate--on is-layout-flow wp-block-column-is-layout-flow\">\n<div class=\"wp-block-group is-style-ext-preset--group--natural-1--item-card-1--align-start has-global-padding is-layout-constrained wp-block-group-is-layout-constrained is-style-ext-preset--group--natural-1--item-card-1--align-start--4\">\n<figure class=\"wp-block-image\"><img loading=\"lazy\" decoding=\"async\" width=\"1440\" height=\"711\" class=\"wp-image-38\" src=\"https:\/\/shiremomentum.com\/wp-content\/uploads\/2026\/05\/57a8feaa00fe915971c78611585bbc5abeccb9a2.jpg\" alt=\"\" style=\"aspect-ratio:4\/3;object-fit:cover\" srcset=\"https:\/\/shiremomentum.com\/wp-content\/uploads\/2026\/05\/57a8feaa00fe915971c78611585bbc5abeccb9a2.jpg 1440w, https:\/\/shiremomentum.com\/wp-content\/uploads\/2026\/05\/57a8feaa00fe915971c78611585bbc5abeccb9a2-300x148.jpg 300w, https:\/\/shiremomentum.com\/wp-content\/uploads\/2026\/05\/57a8feaa00fe915971c78611585bbc5abeccb9a2-1024x506.jpg 1024w, https:\/\/shiremomentum.com\/wp-content\/uploads\/2026\/05\/57a8feaa00fe915971c78611585bbc5abeccb9a2-768x379.jpg 768w, https:\/\/shiremomentum.com\/wp-content\/uploads\/2026\/05\/57a8feaa00fe915971c78611585bbc5abeccb9a2-18x9.jpg 18w\" sizes=\"auto, (max-width: 1440px) 100vw, 1440px\" \/><\/figure>\n\n\n\n<div class=\"wp-block-group is-style-default has-global-padding is-layout-constrained wp-block-group-is-layout-constrained\">\n<h3 class=\"wp-block-heading\">Compromiso Social<\/h3>\n\n\n\n<p>Implementamos proyectos sociales que impulsan el crecimiento comunitario y promueven la sostenibilidad ambiental.<\/p>\n<\/div>\n<\/div>\n<\/div>\n<\/div>\n<\/div>\n\n<div class=\"wp-block-group alignfull is-style-ext-preset--group--natural-1--section has-tertiary-background-color has-background has-global-padding is-layout-constrained wp-container-core-group-is-layout-e955bbaf wp-block-group-is-layout-constrained\" id=\"caracteristicas\" style=\"margin-top:0;margin-bottom:0;padding-top:var(--wp--preset--spacing--70);padding-bottom:var(--wp--preset--spacing--70)\">\n<h2 class=\"wp-block-heading has-text-align-center ext-animate--on\">Descubre nuestros servicios especializados.<\/h2>\n\n\n\n<p class=\"has-text-align-center ext-animate--on\" style=\"margin-top:1.5rem\">Aqu\u00ed presentamos nuestros servicios principales, reflejando nuestro compromiso con la calidad, sostenibilidad y desarrollo local en el cultivo y exportaci\u00f3n de tabaco.<\/p>\n\n\n\n<div class=\"wp-block-columns alignwide is-layout-flex wp-container-core-columns-is-layout-08c01c1c wp-block-columns-is-layout-flex\">\n<div class=\"wp-block-column ext-animate--on is-layout-flow wp-block-column-is-layout-flow\">\n<div class=\"wp-block-group is-style-ext-preset--group--natural-1--item-card-1--align-center has-global-padding is-layout-constrained wp-block-group-is-layout-constrained is-style-ext-preset--group--natural-1--item-card-1--align-center--6\">\n<figure class=\"wp-block-image\"><img loading=\"lazy\" decoding=\"async\" width=\"1080\" height=\"1440\" class=\"wp-image-42\" src=\"https:\/\/shiremomentum.com\/wp-content\/uploads\/2026\/05\/26d31922c8ec99e2c9aa358d6428072cc8159ad6.jpg\" alt=\"\" style=\"aspect-ratio:4\/3;object-fit:cover\" srcset=\"https:\/\/shiremomentum.com\/wp-content\/uploads\/2026\/05\/26d31922c8ec99e2c9aa358d6428072cc8159ad6.jpg 1080w, https:\/\/shiremomentum.com\/wp-content\/uploads\/2026\/05\/26d31922c8ec99e2c9aa358d6428072cc8159ad6-225x300.jpg 225w, https:\/\/shiremomentum.com\/wp-content\/uploads\/2026\/05\/26d31922c8ec99e2c9aa358d6428072cc8159ad6-768x1024.jpg 768w, https:\/\/shiremomentum.com\/wp-content\/uploads\/2026\/05\/26d31922c8ec99e2c9aa358d6428072cc8159ad6-9x12.jpg 9w\" sizes=\"auto, (max-width: 1080px) 100vw, 1080px\" \/><\/figure>\n\n\n\n<div class=\"wp-block-group is-style-default has-global-padding is-layout-constrained wp-block-group-is-layout-constrained\">\n<h3 class=\"wp-block-heading has-text-align-center\">Cultivo Sostenible<\/h3>\n\n\n\n<p class=\"has-text-align-center\">Implementamos pr\u00e1cticas agr\u00edcolas responsables que protegen el medio ambiente y garantizan un producto superior.<\/p>\n<\/div>\n<\/div>\n<\/div>\n\n\n\n<div class=\"wp-block-column ext-animate--on is-layout-flow wp-block-column-is-layout-flow\">\n<div class=\"wp-block-group is-style-ext-preset--group--natural-1--item-card-1--align-center has-global-padding is-layout-constrained wp-block-group-is-layout-constrained is-style-ext-preset--group--natural-1--item-card-1--align-center--7\">\n<figure class=\"wp-block-image\"><img loading=\"lazy\" decoding=\"async\" width=\"1440\" height=\"961\" class=\"wp-image-27\" src=\"https:\/\/shiremomentum.com\/wp-content\/uploads\/2026\/05\/5e77c895873554a4e2b33173a80d55b3a9484933.jpg\" alt=\"\" style=\"aspect-ratio:4\/3;object-fit:cover\" srcset=\"https:\/\/shiremomentum.com\/wp-content\/uploads\/2026\/05\/5e77c895873554a4e2b33173a80d55b3a9484933.jpg 1440w, https:\/\/shiremomentum.com\/wp-content\/uploads\/2026\/05\/5e77c895873554a4e2b33173a80d55b3a9484933-300x200.jpg 300w, https:\/\/shiremomentum.com\/wp-content\/uploads\/2026\/05\/5e77c895873554a4e2b33173a80d55b3a9484933-1024x683.jpg 1024w, https:\/\/shiremomentum.com\/wp-content\/uploads\/2026\/05\/5e77c895873554a4e2b33173a80d55b3a9484933-768x513.jpg 768w, https:\/\/shiremomentum.com\/wp-content\/uploads\/2026\/05\/5e77c895873554a4e2b33173a80d55b3a9484933-18x12.jpg 18w\" sizes=\"auto, (max-width: 1440px) 100vw, 1440px\" \/><\/figure>\n\n\n\n<div class=\"wp-block-group is-style-default has-global-padding is-layout-constrained wp-block-group-is-layout-constrained\">\n<h3 class=\"wp-block-heading has-text-align-center\">Exportaci\u00f3n Global<\/h3>\n\n\n\n<p class=\"has-text-align-center\">Distribuimos tabaco de alta calidad a mercados internacionales con eficiencia y cumplimiento normativo.<\/p>\n<\/div>\n<\/div>\n<\/div>\n\n\n\n<div class=\"wp-block-column ext-animate--on is-layout-flow wp-block-column-is-layout-flow\">\n<div class=\"wp-block-group is-style-ext-preset--group--natural-1--item-card-1--align-center has-global-padding is-layout-constrained wp-block-group-is-layout-constrained is-style-ext-preset--group--natural-1--item-card-1--align-center--8\">\n<figure class=\"wp-block-image\"><img loading=\"lazy\" decoding=\"async\" width=\"1440\" height=\"711\" class=\"wp-image-38\" src=\"https:\/\/shiremomentum.com\/wp-content\/uploads\/2026\/05\/57a8feaa00fe915971c78611585bbc5abeccb9a2.jpg\" alt=\"\" style=\"aspect-ratio:4\/3;object-fit:cover\" srcset=\"https:\/\/shiremomentum.com\/wp-content\/uploads\/2026\/05\/57a8feaa00fe915971c78611585bbc5abeccb9a2.jpg 1440w, https:\/\/shiremomentum.com\/wp-content\/uploads\/2026\/05\/57a8feaa00fe915971c78611585bbc5abeccb9a2-300x148.jpg 300w, https:\/\/shiremomentum.com\/wp-content\/uploads\/2026\/05\/57a8feaa00fe915971c78611585bbc5abeccb9a2-1024x506.jpg 1024w, https:\/\/shiremomentum.com\/wp-content\/uploads\/2026\/05\/57a8feaa00fe915971c78611585bbc5abeccb9a2-768x379.jpg 768w, https:\/\/shiremomentum.com\/wp-content\/uploads\/2026\/05\/57a8feaa00fe915971c78611585bbc5abeccb9a2-18x9.jpg 18w\" sizes=\"auto, (max-width: 1440px) 100vw, 1440px\" \/><\/figure>\n\n\n\n<div class=\"wp-block-group is-style-default has-global-padding is-layout-constrained wp-block-group-is-layout-constrained\">\n<h3 class=\"wp-block-heading has-text-align-center\">Desarrollo Comunitario<\/h3>\n\n\n\n<p class=\"has-text-align-center\">Apoyamos iniciativas sociales que fortalecen a las comunidades locales y promueven el bienestar social.<\/p>\n<\/div>\n<\/div>\n<\/div>\n<\/div>\n<\/div>\n\n<div class=\"wp-block-group alignfull is-style-ext-preset--group--natural-1--section has-background-background-color has-background has-global-padding is-layout-constrained wp-container-core-group-is-layout-e955bbaf wp-block-group-is-layout-constrained\" style=\"margin-top:0;margin-bottom:0;padding-top:var(--wp--preset--spacing--70);padding-bottom:var(--wp--preset--spacing--70)\">\n<div class=\"wp-block-group alignwide ext-is-logical-start has-global-padding is-content-justification-left is-layout-constrained wp-container-core-group-is-layout-6729bdbe wp-block-group-is-layout-constrained\">\n<h2 class=\"wp-block-heading ext-animate--off\">Soluciones integrales para desaf\u00edos en la producci\u00f3n y exportaci\u00f3n de tabaco.<\/h2>\n\n\n\n<p class=\"has-text-align-left ext-animate--off\">Descubre los retos habituales en el cultivo y comercio de tabaco y c\u00f3mo Shire Momentum ofrece respuestas efectivas y sostenibles.<\/p>\n<\/div>\n\n\n\n<div class=\"wp-block-columns alignwide is-layout-flex wp-container-core-columns-is-layout-174606dc wp-block-columns-is-layout-flex\">\n<div class=\"wp-block-column is-vertically-aligned-center ext-animate--on is-layout-flow wp-block-column-is-layout-flow\">\n<div class=\"wp-block-group is-style-ext-preset--group--natural-1--item-card-1--align-start ext-animate--off has-global-padding is-layout-constrained wp-block-group-is-layout-constrained is-style-ext-preset--group--natural-1--item-card-1--align-start--10\">\n<div class=\"wp-block-group is-style-default has-global-padding is-layout-constrained wp-block-group-is-layout-constrained\">\n<div class=\"wp-block-group is-nowrap is-layout-flex wp-container-core-group-is-layout-64fa2afa wp-block-group-is-layout-flex\" style=\"padding-top:0;padding-right:0;padding-bottom:0;padding-left:0\">\n<figure class=\"wp-block-image size-large ext-aspect-landscape wp-duotone-primary-foreground\"><img decoding=\"async\" src=\"data:image\/svg+xml;base64,PHN2ZyB4bWxucz0iaHR0cDovL3d3dy53My5vcmcvMjAwMC9zdmciIHdpZHRoPSI0OCIgaGVpZ2h0PSI0OCIgZmlsbD0iIzAwMDAwMCIgdmlld0JveD0iMCAwIDI1NiAyNTYiPjxwYXRoIGQ9Ik0xNzIsNzZhNDQsNDQsMCwxLDAtNDQsNDRBNDQuMDUsNDQuMDUsMCwwLDAsMTcyLDc2Wm0tNDQsMjhhMjgsMjgsMCwxLDEsMjgtMjhBMjgsMjgsMCwwLDEsMTI4LDEwNFptNjAsMjRhNDQsNDQsMCwxLDAsNDQsNDRBNDQuMDUsNDQuMDUsMCwwLDAsMTg4LDEyOFptMCw3MmEyOCwyOCwwLDEsMSwyOC0yOEEyOCwyOCwwLDAsMSwxODgsMjAwWk02OCwxMjhhNDQsNDQsMCwxLDAsNDQsNDRBNDQuMDUsNDQuMDUsMCwwLDAsNjgsMTI4Wm0wLDcyYTI4LDI4LDAsMSwxLDI4LTI4QTI4LDI4LDAsMCwxLDY4LDIwMFoiPjwvcGF0aD48L3N2Zz4=\" alt=\"\" style=\"object-fit:cover\"\/><\/figure>\n\n\n\n<div class=\"wp-block-group wp-container-content-958eb9dc has-global-padding is-layout-constrained wp-container-core-group-is-layout-c06d165c wp-block-group-is-layout-constrained\" style=\"padding-top:0;padding-right:0;padding-bottom:0;padding-left:0\">\n<h3 class=\"wp-block-heading\">Optimizaci\u00f3n del cultivo sostenible<\/h3>\n\n\n\n<p>Implementamos t\u00e9cnicas avanzadas que garantizan un crecimiento saludable del tabaco, reduciendo el impacto ambiental y aumentando la calidad del producto.<\/p>\n<\/div>\n<\/div>\n<\/div>\n<\/div>\n\n\n\n<div class=\"wp-block-group is-style-ext-preset--group--natural-1--item-card-1--align-start ext-animate--off has-global-padding is-layout-constrained wp-block-group-is-layout-constrained is-style-ext-preset--group--natural-1--item-card-1--align-start--11\">\n<div class=\"wp-block-group is-style-default has-global-padding is-layout-constrained wp-block-group-is-layout-constrained\">\n<div class=\"wp-block-group is-nowrap is-layout-flex wp-container-core-group-is-layout-64fa2afa wp-block-group-is-layout-flex\" style=\"padding-top:0;padding-right:0;padding-bottom:0;padding-left:0\">\n<figure class=\"wp-block-image size-large ext-aspect-landscape wp-duotone-primary-foreground\"><img decoding=\"async\" src=\"data:image\/svg+xml;base64,PHN2ZyB4bWxucz0iaHR0cDovL3d3dy53My5vcmcvMjAwMC9zdmciIHdpZHRoPSI0OCIgaGVpZ2h0PSI0OCIgZmlsbD0iIzAwMDAwMCIgdmlld0JveD0iMCAwIDI1NiAyNTYiPjxwYXRoIGQ9Ik04MCw0MGE0MCw0MCwwLDEsMCw0MCw0MEE0MCw0MCwwLDAsMCw4MCw0MFptMCw2NGEyNCwyNCwwLDEsMSwyNC0yNEEyNCwyNCwwLDAsMSw4MCwxMDRabTk2LDE2YTQwLDQwLDAsMSwwLTQwLTQwQTQwLDQwLDAsMCwwLDE3NiwxMjBabTAtNjRhMjQsMjQsMCwxLDEtMjQsMjRBMjQsMjQsMCwwLDEsMTc2LDU2Wk04MCwxMzZhNDAsNDAsMCwxLDAsNDAsNDBBNDAsNDAsMCwwLDAsODAsMTM2Wm0wLDY0YTI0LDI0LDAsMSwxLDI0LTI0QTI0LDI0LDAsMCwxLDgwLDIwMFptOTYtNjRhNDAsNDAsMCwxLDAsNDAsNDBBNDAsNDAsMCwwLDAsMTc2LDEzNlptMCw2NGEyNCwyNCwwLDEsMSwyNC0yNEEyNCwyNCwwLDAsMSwxNzYsMjAwWiI+PC9wYXRoPjwvc3ZnPg==\" alt=\"\" style=\"object-fit:cover\"\/><\/figure>\n\n\n\n<div class=\"wp-block-group wp-container-content-958eb9dc has-global-padding is-layout-constrained wp-container-core-group-is-layout-c06d165c wp-block-group-is-layout-constrained\" style=\"padding-top:0;padding-right:0;padding-bottom:0;padding-left:0\">\n<h3 class=\"wp-block-heading\">Comercio global eficiente<\/h3>\n\n\n\n<p>Facilitamos la exportaci\u00f3n r\u00e1pida y segura del tabaco, superando barreras log\u00edsticas y asegurando la satisfacci\u00f3n de compradores internacionales.<\/p>\n<\/div>\n<\/div>\n<\/div>\n<\/div>\n\n\n\n<div class=\"wp-block-group is-style-ext-preset--group--natural-1--item-card-1--align-start ext-animate--off has-global-padding is-layout-constrained wp-block-group-is-layout-constrained is-style-ext-preset--group--natural-1--item-card-1--align-start--12\">\n<div class=\"wp-block-group is-style-default has-global-padding is-layout-constrained wp-block-group-is-layout-constrained\">\n<div class=\"wp-block-group is-nowrap is-layout-flex wp-container-core-group-is-layout-64fa2afa wp-block-group-is-layout-flex\" style=\"padding-top:0;padding-right:0;padding-bottom:0;padding-left:0\">\n<figure class=\"wp-block-image size-large ext-aspect-landscape wp-duotone-primary-foreground\"><img decoding=\"async\" src=\"data:image\/svg+xml;base64,PHN2ZyB4bWxucz0iaHR0cDovL3d3dy53My5vcmcvMjAwMC9zdmciIHdpZHRoPSI0OCIgaGVpZ2h0PSI0OCIgZmlsbD0iIzAwMDAwMCIgdmlld0JveD0iMCAwIDI1NiAyNTYiPjxwYXRoIGQ9Ik04MCw0MGE0MCw0MCwwLDEsMCw0MCw0MEE0MCw0MCwwLDAsMCw4MCw0MFptMCw2NGEyNCwyNCwwLDEsMSwyNC0yNEEyNCwyNCwwLDAsMSw4MCwxMDRabTk2LDE2YTQwLDQwLDAsMSwwLTQwLTQwQTQwLDQwLDAsMCwwLDE3NiwxMjBabTAtNjRhMjQsMjQsMCwxLDEtMjQsMjRBMjQsMjQsMCwwLDEsMTc2LDU2Wk04MCwxMzZhNDAsNDAsMCwxLDAsNDAsNDBBNDAsNDAsMCwwLDAsODAsMTM2Wm0wLDY0YTI0LDI0LDAsMSwxLDI0LTI0QTI0LDI0LDAsMCwxLDgwLDIwMFptMTM2LTI0YTgsOCwwLDAsMS04LDhIMTg0djI0YTgsOCwwLDAsMS0xNiwwVjE4NEgxNDRhOCw4LDAsMCwxLDAtMTZoMjRWMTQ0YTgsOCwwLDAsMSwxNiwwdjI0aDI0QTgsOCwwLDAsMSwyMTYsMTc2WiI+PC9wYXRoPjwvc3ZnPg==\" alt=\"\" style=\"object-fit:cover\"\/><\/figure>\n\n\n\n<div class=\"wp-block-group wp-container-content-958eb9dc has-global-padding is-layout-constrained wp-container-core-group-is-layout-c06d165c wp-block-group-is-layout-constrained\" style=\"padding-top:0;padding-right:0;padding-bottom:0;padding-left:0\">\n<h3 class=\"wp-block-heading\">Compromiso social y local<\/h3>\n\n\n\n<p>Promovemos el desarrollo comunitario mediante iniciativas que mejoran las condiciones de vida de los agricultores y fomentan pr\u00e1cticas responsables.<\/p>\n<\/div>\n<\/div>\n<\/div>\n<\/div>\n<\/div>\n\n\n\n<div class=\"wp-block-column is-vertically-aligned-stretch ext-animate--on is-layout-flow wp-container-core-column-is-layout-119bc444 wp-block-column-is-layout-flow\">\n<div class=\"wp-block-cover is-style-ext-preset--image--natural-1--image-1--content-left ext-animate--off is-style-ext-preset--image--natural-1--image-1--content-left--13\" style=\"padding-top:0;padding-bottom:0;min-height:100%;aspect-ratio:unset;\"><img loading=\"lazy\" decoding=\"async\" width=\"1440\" height=\"939\" class=\"wp-block-cover__image-background wp-image-43\" alt=\"\" src=\"https:\/\/shiremomentum.com\/wp-content\/uploads\/2026\/05\/6a03796d1191b4ddd1543a8e008b4ca3bb5e1e7d.jpg\" data-object-fit=\"cover\" srcset=\"https:\/\/shiremomentum.com\/wp-content\/uploads\/2026\/05\/6a03796d1191b4ddd1543a8e008b4ca3bb5e1e7d.jpg 1440w, https:\/\/shiremomentum.com\/wp-content\/uploads\/2026\/05\/6a03796d1191b4ddd1543a8e008b4ca3bb5e1e7d-300x196.jpg 300w, https:\/\/shiremomentum.com\/wp-content\/uploads\/2026\/05\/6a03796d1191b4ddd1543a8e008b4ca3bb5e1e7d-1024x668.jpg 1024w, https:\/\/shiremomentum.com\/wp-content\/uploads\/2026\/05\/6a03796d1191b4ddd1543a8e008b4ca3bb5e1e7d-768x501.jpg 768w, https:\/\/shiremomentum.com\/wp-content\/uploads\/2026\/05\/6a03796d1191b4ddd1543a8e008b4ca3bb5e1e7d-18x12.jpg 18w\" sizes=\"auto, (max-width: 1440px) 100vw, 1440px\" \/><span aria-hidden=\"true\" class=\"wp-block-cover__background has-background-dim-0 has-background-dim\"><\/span><div class=\"wp-block-cover__inner-container is-layout-flow wp-block-cover-is-layout-flow\">\n<div style=\"height:240px\" aria-hidden=\"true\" class=\"wp-block-spacer\"><\/div>\n<\/div><\/div>\n<\/div>\n<\/div>\n<\/div>","protected":false},"excerpt":{"rendered":"<p>Nuestros Servicios Especializados Explore c\u00f3mo nuestros servicios integrales en cultivo y exportaci\u00f3n de tabaco garantizan calidad, sostenibilidad y desarrollo local. Cultivo de Tabaco Cultivamos tabaco de alta calidad utilizando pr\u00e1cticas sostenibles adaptadas a las condiciones \u00fanicas de Malawi. Exportaci\u00f3n Global Gestionamos la exportaci\u00f3n eficiente y segura de tabaco, conectando productores locales con mercados internacionales. Compromiso [&hellip;]<\/p>\n","protected":false},"author":1,"featured_media":0,"parent":0,"menu_order":0,"comment_status":"closed","ping_status":"closed","template":"page-with-title","meta":{"footnotes":""},"class_list":["post-18","page","type-page","status-publish","hentry"],"_links":{"self":[{"href":"https:\/\/shiremomentum.com\/en\/wp-json\/wp\/v2\/pages\/18","targetHints":{"allow":["GET"]}}],"collection":[{"href":"https:\/\/shiremomentum.com\/en\/wp-json\/wp\/v2\/pages"}],"about":[{"href":"https:\/\/shiremomentum.com\/en\/wp-json\/wp\/v2\/types\/page"}],"author":[{"embeddable":true,"href":"https:\/\/shiremomentum.com\/en\/wp-json\/wp\/v2\/users\/1"}],"replies":[{"embeddable":true,"href":"https:\/\/shiremomentum.com\/en\/wp-json\/wp\/v2\/comments?post=18"}],"version-history":[{"count":1,"href":"https:\/\/shiremomentum.com\/en\/wp-json\/wp\/v2\/pages\/18\/revisions"}],"predecessor-version":[{"id":44,"href":"https:\/\/shiremomentum.com\/en\/wp-json\/wp\/v2\/pages\/18\/revisions\/44"}],"wp:attachment":[{"href":"https:\/\/shiremomentum.com\/en\/wp-json\/wp\/v2\/media?parent=18"}],"curies":[{"name":"wp","href":"https:\/\/api.w.org\/{rel}","templated":true}]}}