{"id":17,"date":"2026-05-12T21:07:56","date_gmt":"2026-05-12T21:07:56","guid":{"rendered":"https:\/\/shiremomentum.com\/portafolio\/"},"modified":"2026-05-12T21:11:30","modified_gmt":"2026-05-12T21:11:30","slug":"portafolio","status":"publish","type":"page","link":"https:\/\/shiremomentum.com\/en\/portafolio\/","title":{"rendered":"Portafolio"},"content":{"rendered":"<div class=\"wp-block-group alignfull is-style-ext-preset--group--natural-1--section has-background-background-color has-background has-global-padding is-layout-constrained wp-container-core-group-is-layout-f72f1611 wp-block-group-is-layout-constrained\" id=\"galeria\" style=\"margin-top:0;margin-bottom:0;padding-top:var(--wp--preset--spacing--70);padding-bottom:var(--wp--preset--spacing--70)\">\n<div class=\"wp-block-group alignwide ext-is-logical-start has-global-padding is-content-justification-left is-layout-constrained wp-container-core-group-is-layout-6729bdbe wp-block-group-is-layout-constrained\">\n<h2 class=\"wp-block-heading ext-animate--on\">Descubre nuestra exclusiva colecci\u00f3n visual.<\/h2>\n\n\n\n<p class=\"has-text-align-left ext-animate--on\" style=\"margin-top:1.5rem\">Aqu\u00ed presentamos una selecci\u00f3n \u00fanica de fotograf\u00edas que reflejan la calidad y autenticidad de nuestros productos.<\/p>\n<\/div>\n\n\n\n<div class=\"wp-block-columns alignwide is-layout-flex wp-container-core-columns-is-layout-87beb0d0 wp-block-columns-is-layout-flex\">\n<div class=\"wp-block-column is-vertically-aligned-top ext-animate--on is-layout-flow wp-container-core-column-is-layout-f5bb311e wp-block-column-is-layout-flow\">\n<figure class=\"wp-block-image is-style-ext-preset--image--natural-1--image-1--content-bottom is-style-ext-preset--image--natural-1--image-1--content-bottom--2\"><img loading=\"lazy\" decoding=\"async\" width=\"1440\" height=\"711\" class=\"wp-image-38\" src=\"https:\/\/shiremomentum.com\/wp-content\/uploads\/2026\/05\/57a8feaa00fe915971c78611585bbc5abeccb9a2.jpg\" alt=\"\" style=\"aspect-ratio:1;object-fit:cover\" srcset=\"https:\/\/shiremomentum.com\/wp-content\/uploads\/2026\/05\/57a8feaa00fe915971c78611585bbc5abeccb9a2.jpg 1440w, https:\/\/shiremomentum.com\/wp-content\/uploads\/2026\/05\/57a8feaa00fe915971c78611585bbc5abeccb9a2-300x148.jpg 300w, https:\/\/shiremomentum.com\/wp-content\/uploads\/2026\/05\/57a8feaa00fe915971c78611585bbc5abeccb9a2-1024x506.jpg 1024w, https:\/\/shiremomentum.com\/wp-content\/uploads\/2026\/05\/57a8feaa00fe915971c78611585bbc5abeccb9a2-768x379.jpg 768w, https:\/\/shiremomentum.com\/wp-content\/uploads\/2026\/05\/57a8feaa00fe915971c78611585bbc5abeccb9a2-18x9.jpg 18w\" sizes=\"auto, (max-width: 1440px) 100vw, 1440px\" \/><\/figure>\n\n\n\n<figure class=\"wp-block-image is-style-ext-preset--image--natural-1--image-1--content-right is-style-ext-preset--image--natural-1--image-1--content-right--3\"><img loading=\"lazy\" decoding=\"async\" width=\"1440\" height=\"954\" class=\"wp-image-39\" src=\"https:\/\/shiremomentum.com\/wp-content\/uploads\/2026\/05\/3d1cc656a377981b6412acac2afe3d45c60a831f.jpg\" alt=\"\" style=\"aspect-ratio:4\/3;object-fit:cover\" srcset=\"https:\/\/shiremomentum.com\/wp-content\/uploads\/2026\/05\/3d1cc656a377981b6412acac2afe3d45c60a831f.jpg 1440w, https:\/\/shiremomentum.com\/wp-content\/uploads\/2026\/05\/3d1cc656a377981b6412acac2afe3d45c60a831f-300x199.jpg 300w, https:\/\/shiremomentum.com\/wp-content\/uploads\/2026\/05\/3d1cc656a377981b6412acac2afe3d45c60a831f-1024x678.jpg 1024w, https:\/\/shiremomentum.com\/wp-content\/uploads\/2026\/05\/3d1cc656a377981b6412acac2afe3d45c60a831f-768x509.jpg 768w, https:\/\/shiremomentum.com\/wp-content\/uploads\/2026\/05\/3d1cc656a377981b6412acac2afe3d45c60a831f-18x12.jpg 18w\" sizes=\"auto, (max-width: 1440px) 100vw, 1440px\" \/><\/figure>\n<\/div>\n\n\n\n<div class=\"wp-block-column is-vertically-aligned-top ext-animate--on is-layout-flow wp-container-core-column-is-layout-f5bb311e wp-block-column-is-layout-flow\">\n<figure class=\"wp-block-image is-style-ext-preset--image--natural-1--image-1--content-left is-style-ext-preset--image--natural-1--image-1--content-left--4\"><img loading=\"lazy\" decoding=\"async\" width=\"960\" height=\"1440\" class=\"wp-image-40\" src=\"https:\/\/shiremomentum.com\/wp-content\/uploads\/2026\/05\/18677ad7cf9c398471e70a28d8becd6ad0c7c61c.jpg\" alt=\"\" style=\"aspect-ratio:4\/3;object-fit:cover\" srcset=\"https:\/\/shiremomentum.com\/wp-content\/uploads\/2026\/05\/18677ad7cf9c398471e70a28d8becd6ad0c7c61c.jpg 960w, https:\/\/shiremomentum.com\/wp-content\/uploads\/2026\/05\/18677ad7cf9c398471e70a28d8becd6ad0c7c61c-200x300.jpg 200w, https:\/\/shiremomentum.com\/wp-content\/uploads\/2026\/05\/18677ad7cf9c398471e70a28d8becd6ad0c7c61c-683x1024.jpg 683w, https:\/\/shiremomentum.com\/wp-content\/uploads\/2026\/05\/18677ad7cf9c398471e70a28d8becd6ad0c7c61c-768x1152.jpg 768w, https:\/\/shiremomentum.com\/wp-content\/uploads\/2026\/05\/18677ad7cf9c398471e70a28d8becd6ad0c7c61c-8x12.jpg 8w\" sizes=\"auto, (max-width: 960px) 100vw, 960px\" \/><\/figure>\n\n\n\n<figure class=\"wp-block-image is-style-ext-preset--image--natural-1--image-1--content-left is-style-ext-preset--image--natural-1--image-1--content-left--5\"><img loading=\"lazy\" decoding=\"async\" width=\"1440\" height=\"961\" class=\"wp-image-29\" src=\"https:\/\/shiremomentum.com\/wp-content\/uploads\/2026\/05\/1204f7ed3055e02ad4ff3fad09277cfe3d59886f.jpg\" alt=\"\" style=\"aspect-ratio:1;object-fit:cover\" srcset=\"https:\/\/shiremomentum.com\/wp-content\/uploads\/2026\/05\/1204f7ed3055e02ad4ff3fad09277cfe3d59886f.jpg 1440w, https:\/\/shiremomentum.com\/wp-content\/uploads\/2026\/05\/1204f7ed3055e02ad4ff3fad09277cfe3d59886f-300x200.jpg 300w, https:\/\/shiremomentum.com\/wp-content\/uploads\/2026\/05\/1204f7ed3055e02ad4ff3fad09277cfe3d59886f-1024x683.jpg 1024w, https:\/\/shiremomentum.com\/wp-content\/uploads\/2026\/05\/1204f7ed3055e02ad4ff3fad09277cfe3d59886f-768x513.jpg 768w, https:\/\/shiremomentum.com\/wp-content\/uploads\/2026\/05\/1204f7ed3055e02ad4ff3fad09277cfe3d59886f-18x12.jpg 18w\" sizes=\"auto, (max-width: 1440px) 100vw, 1440px\" \/><\/figure>\n<\/div>\n<\/div>\n<\/div>\n\n<div class=\"wp-block-group alignfull is-style-ext-preset--group--natural-1--section has-tertiary-background-color has-background has-global-padding is-layout-constrained wp-container-core-group-is-layout-e955bbaf wp-block-group-is-layout-constrained\" style=\"margin-top:0;margin-bottom:0;padding-top:var(--wp--preset--spacing--70);padding-bottom:var(--wp--preset--spacing--70)\">\n<div class=\"wp-block-group alignwide ext-is-logical-start has-global-padding is-content-justification-left is-layout-constrained wp-container-core-group-is-layout-6729bdbe wp-block-group-is-layout-constrained\">\n<h2 class=\"wp-block-heading ext-animate--on\">Historias de \u00e9xito que reflejan nuestro compromiso con la calidad y sostenibilidad.<\/h2>\n\n\n\n<p class=\"ext-animate--on\">Descubra c\u00f3mo Shire Momentum cultiva y exporta tabaco de primera calidad, apoyando comunidades locales y garantizando pr\u00e1cticas sostenibles desde el campo hasta el mercado global.<\/p>\n<\/div>\n\n\n\n<div class=\"wp-block-media-text alignwide has-media-on-the-right is-stacked-on-mobile is-image-fill-element is-style-ext-preset--media-text--natural-1--card-1 ext-animate--on is-style-ext-preset--media-text--natural-1--card-1--7\"><div class=\"wp-block-media-text__content\">\n<div class=\"wp-block-group alignwide is-vertical is-layout-flex wp-container-core-group-is-layout-53474e87 wp-block-group-is-layout-flex\" style=\"padding-top:var(--wp--preset--spacing--60);padding-bottom:var(--wp--preset--spacing--60)\">\n<div class=\"wp-block-group has-global-padding is-layout-constrained wp-container-core-group-is-layout-812d5580 wp-block-group-is-layout-constrained\" style=\"padding-top:0;padding-right:0;padding-bottom:0;padding-left:0\">\n<h3 class=\"wp-block-heading\">C\u00f3mo Shire Momentum se posicion\u00f3 como l\u00edder en el mercado internacional de tabaco.<\/h3>\n\n\n\n<p>Este caso demuestra c\u00f3mo Shire Momentum integr\u00f3 procesos sostenibles y sociales para aumentar su impacto positivo y la confianza de sus socios comerciales.<\/p>\n<\/div>\n<\/div>\n<\/div><figure class=\"wp-block-media-text__media\"><img loading=\"lazy\" decoding=\"async\" width=\"1280\" height=\"1920\" class=\"wp-image-30 size-full\" src=\"https:\/\/shiremomentum.com\/wp-content\/uploads\/2026\/05\/cc2297ed0d976c37cbd460dfe1eedc430439fd68.jpg\" alt=\"\" style=\"object-position:50% 50%\" srcset=\"https:\/\/shiremomentum.com\/wp-content\/uploads\/2026\/05\/cc2297ed0d976c37cbd460dfe1eedc430439fd68.jpg 1280w, https:\/\/shiremomentum.com\/wp-content\/uploads\/2026\/05\/cc2297ed0d976c37cbd460dfe1eedc430439fd68-200x300.jpg 200w, https:\/\/shiremomentum.com\/wp-content\/uploads\/2026\/05\/cc2297ed0d976c37cbd460dfe1eedc430439fd68-683x1024.jpg 683w, https:\/\/shiremomentum.com\/wp-content\/uploads\/2026\/05\/cc2297ed0d976c37cbd460dfe1eedc430439fd68-768x1152.jpg 768w, https:\/\/shiremomentum.com\/wp-content\/uploads\/2026\/05\/cc2297ed0d976c37cbd460dfe1eedc430439fd68-1024x1536.jpg 1024w, https:\/\/shiremomentum.com\/wp-content\/uploads\/2026\/05\/cc2297ed0d976c37cbd460dfe1eedc430439fd68-8x12.jpg 8w\" sizes=\"auto, (max-width: 1280px) 100vw, 1280px\" \/><\/figure><\/div>\n\n\n\n<div class=\"wp-block-media-text alignwide is-stacked-on-mobile is-image-fill-element is-style-ext-preset--media-text--natural-1--card-1 ext-animate--on is-style-ext-preset--media-text--natural-1--card-1--8\" style=\"margin-top:var(--wp--preset--spacing--40)\"><figure class=\"wp-block-media-text__media\"><img loading=\"lazy\" decoding=\"async\" width=\"1280\" height=\"1920\" class=\"wp-image-31 size-full\" src=\"https:\/\/shiremomentum.com\/wp-content\/uploads\/2026\/05\/36a54e0622f55fe74c283ea0fec349967e420444.jpg\" alt=\"\" style=\"object-position:50% 50%\" srcset=\"https:\/\/shiremomentum.com\/wp-content\/uploads\/2026\/05\/36a54e0622f55fe74c283ea0fec349967e420444.jpg 1280w, https:\/\/shiremomentum.com\/wp-content\/uploads\/2026\/05\/36a54e0622f55fe74c283ea0fec349967e420444-200x300.jpg 200w, https:\/\/shiremomentum.com\/wp-content\/uploads\/2026\/05\/36a54e0622f55fe74c283ea0fec349967e420444-683x1024.jpg 683w, https:\/\/shiremomentum.com\/wp-content\/uploads\/2026\/05\/36a54e0622f55fe74c283ea0fec349967e420444-768x1152.jpg 768w, https:\/\/shiremomentum.com\/wp-content\/uploads\/2026\/05\/36a54e0622f55fe74c283ea0fec349967e420444-1024x1536.jpg 1024w, https:\/\/shiremomentum.com\/wp-content\/uploads\/2026\/05\/36a54e0622f55fe74c283ea0fec349967e420444-8x12.jpg 8w\" sizes=\"auto, (max-width: 1280px) 100vw, 1280px\" \/><\/figure><div class=\"wp-block-media-text__content\">\n<div class=\"wp-block-group alignwide is-vertical is-layout-flex wp-container-core-group-is-layout-53474e87 wp-block-group-is-layout-flex\" style=\"padding-top:var(--wp--preset--spacing--60);padding-bottom:var(--wp--preset--spacing--60)\">\n<div class=\"wp-block-group has-global-padding is-layout-constrained wp-container-core-group-is-layout-812d5580 wp-block-group-is-layout-constrained\" style=\"padding-top:0;padding-right:0;padding-bottom:0;padding-left:0\">\n<h3 class=\"wp-block-heading\">Construyendo un futuro sostenible con innovaci\u00f3n y responsabilidad social.<\/h3>\n\n\n\n<p>Analizamos c\u00f3mo Shire Momentum super\u00f3 retos agr\u00edcolas y log\u00edsticos para consolidar su presencia global con pr\u00e1cticas responsables.<\/p>\n<\/div>\n<\/div>\n<\/div><\/div>\n\n\n\n<div class=\"wp-block-media-text alignwide has-media-on-the-right is-stacked-on-mobile is-image-fill-element is-style-ext-preset--media-text--natural-1--card-1 ext-animate--on is-style-ext-preset--media-text--natural-1--card-1--9\" style=\"margin-top:var(--wp--preset--spacing--40)\"><div class=\"wp-block-media-text__content\">\n<div class=\"wp-block-group alignwide is-vertical is-layout-flex wp-container-core-group-is-layout-53474e87 wp-block-group-is-layout-flex\" style=\"padding-top:var(--wp--preset--spacing--60);padding-bottom:var(--wp--preset--spacing--60)\">\n<div class=\"wp-block-group has-global-padding is-layout-constrained wp-container-core-group-is-layout-812d5580 wp-block-group-is-layout-constrained\" style=\"padding-top:0;padding-right:0;padding-bottom:0;padding-left:0\">\n<h3 class=\"wp-block-heading\">Innovando el cultivo y exportaci\u00f3n de tabaco con t\u00e9cnicas avanzadas y compromiso local.<\/h3>\n\n\n\n<p>Este caso ilustra c\u00f3mo Shire Momentum optimiz\u00f3 sus operaciones para ofrecer productos de m\u00e1xima calidad y fomentar el desarrollo comunitario.<\/p>\n<\/div>\n<\/div>\n<\/div><figure class=\"wp-block-media-text__media\"><img loading=\"lazy\" decoding=\"async\" width=\"1280\" height=\"1828\" class=\"wp-image-32 size-full\" src=\"https:\/\/shiremomentum.com\/wp-content\/uploads\/2026\/05\/2b783ce0fcce64ff67550eff598174e761599f21.jpg\" alt=\"\" style=\"object-position:50% 50%\" srcset=\"https:\/\/shiremomentum.com\/wp-content\/uploads\/2026\/05\/2b783ce0fcce64ff67550eff598174e761599f21.jpg 1280w, https:\/\/shiremomentum.com\/wp-content\/uploads\/2026\/05\/2b783ce0fcce64ff67550eff598174e761599f21-210x300.jpg 210w, https:\/\/shiremomentum.com\/wp-content\/uploads\/2026\/05\/2b783ce0fcce64ff67550eff598174e761599f21-717x1024.jpg 717w, https:\/\/shiremomentum.com\/wp-content\/uploads\/2026\/05\/2b783ce0fcce64ff67550eff598174e761599f21-768x1097.jpg 768w, https:\/\/shiremomentum.com\/wp-content\/uploads\/2026\/05\/2b783ce0fcce64ff67550eff598174e761599f21-1076x1536.jpg 1076w, https:\/\/shiremomentum.com\/wp-content\/uploads\/2026\/05\/2b783ce0fcce64ff67550eff598174e761599f21-8x12.jpg 8w\" sizes=\"auto, (max-width: 1280px) 100vw, 1280px\" \/><\/figure><\/div>\n\n\n\n<div class=\"wp-block-buttons ext-animate--on is-content-justification-center is-layout-flex wp-container-core-buttons-is-layout-a89b3969 wp-block-buttons-is-layout-flex\">\n<div class=\"wp-block-button is-style-ext-preset--button--natural-1--button-1 is-style-ext-preset--button--natural-1--button-1--10\"><a class=\"wp-block-button__link wp-element-button\" href=\"https:\/\/shiremomentum.com\/en\/contacto\/\">Ver detalles<\/a><\/div>\n<\/div>\n<\/div>\n\n<div class=\"wp-block-group alignfull is-style-ext-preset--group--natural-1--section has-background-background-color has-background has-global-padding is-layout-constrained wp-container-core-group-is-layout-e955bbaf wp-block-group-is-layout-constrained\" style=\"margin-top:0;margin-bottom:0;padding-top:var(--wp--preset--spacing--70);padding-bottom:var(--wp--preset--spacing--70)\">\n<h2 class=\"wp-block-heading has-text-align-center ext-animate--on\">Impulsa tu \u00c9xito con Ventajas Exclusivas y Resultados Tangibles<\/h2>\n\n\n\n<p class=\"has-text-align-center ext-animate--on\" style=\"margin-top:1.5rem\">Descubre c\u00f3mo nuestros productos de tabaco de alta calidad ofrecen valor excepcional y un compromiso con la sostenibilidad que marca la diferencia.<\/p>\n\n\n\n<div class=\"wp-block-columns alignwide is-layout-flex wp-container-core-columns-is-layout-08c01c1c wp-block-columns-is-layout-flex\">\n<div class=\"wp-block-column is-vertically-aligned-stretch ext-animate--on is-layout-flow wp-container-core-column-is-layout-f5bb311e wp-block-column-is-layout-flow\">\n<div class=\"wp-block-group is-style-ext-preset--group--natural-1--item-card-1--align-center has-global-padding is-layout-constrained wp-block-group-is-layout-constrained is-style-ext-preset--group--natural-1--item-card-1--align-center--12\">\n<figure class=\"wp-block-image aligncenter size-large ext-aspect-landscape\"><img loading=\"lazy\" decoding=\"async\" width=\"1440\" height=\"960\" class=\"wp-image-36\" src=\"https:\/\/shiremomentum.com\/wp-content\/uploads\/2026\/05\/29b39a01547f0a6d5bd06aee20d595dfc93d98e6.jpg\" alt=\"\" style=\"aspect-ratio:4\/3;object-fit:cover\" srcset=\"https:\/\/shiremomentum.com\/wp-content\/uploads\/2026\/05\/29b39a01547f0a6d5bd06aee20d595dfc93d98e6.jpg 1440w, https:\/\/shiremomentum.com\/wp-content\/uploads\/2026\/05\/29b39a01547f0a6d5bd06aee20d595dfc93d98e6-300x200.jpg 300w, https:\/\/shiremomentum.com\/wp-content\/uploads\/2026\/05\/29b39a01547f0a6d5bd06aee20d595dfc93d98e6-1024x683.jpg 1024w, https:\/\/shiremomentum.com\/wp-content\/uploads\/2026\/05\/29b39a01547f0a6d5bd06aee20d595dfc93d98e6-768x512.jpg 768w, https:\/\/shiremomentum.com\/wp-content\/uploads\/2026\/05\/29b39a01547f0a6d5bd06aee20d595dfc93d98e6-18x12.jpg 18w\" sizes=\"auto, (max-width: 1440px) 100vw, 1440px\" \/><\/figure>\n\n\n\n<div class=\"wp-block-group is-style-default has-global-padding is-layout-constrained wp-block-group-is-layout-constrained\">\n<h3 class=\"wp-block-heading has-text-align-center\">Calidad Premium Garantizada<\/h3>\n\n\n\n<p class=\"has-text-align-center\">Seleccionamos cuidadosamente cada hoja para asegurar un producto final que cumple con los m\u00e1s altos est\u00e1ndares internacionales, beneficiando a compradores y socios por igual.<\/p>\n<\/div>\n<\/div>\n<\/div>\n\n\n\n<div class=\"wp-block-column is-vertically-aligned-stretch ext-animate--on is-layout-flow wp-container-core-column-is-layout-f5bb311e wp-block-column-is-layout-flow\">\n<div class=\"wp-block-group is-style-ext-preset--group--natural-1--item-card-1--align-center has-global-padding is-layout-constrained wp-block-group-is-layout-constrained is-style-ext-preset--group--natural-1--item-card-1--align-center--13\">\n<figure class=\"wp-block-image aligncenter size-large ext-aspect-landscape\"><img loading=\"lazy\" decoding=\"async\" width=\"1440\" height=\"711\" class=\"wp-image-38\" src=\"https:\/\/shiremomentum.com\/wp-content\/uploads\/2026\/05\/57a8feaa00fe915971c78611585bbc5abeccb9a2.jpg\" alt=\"\" style=\"aspect-ratio:4\/3;object-fit:cover\" srcset=\"https:\/\/shiremomentum.com\/wp-content\/uploads\/2026\/05\/57a8feaa00fe915971c78611585bbc5abeccb9a2.jpg 1440w, https:\/\/shiremomentum.com\/wp-content\/uploads\/2026\/05\/57a8feaa00fe915971c78611585bbc5abeccb9a2-300x148.jpg 300w, https:\/\/shiremomentum.com\/wp-content\/uploads\/2026\/05\/57a8feaa00fe915971c78611585bbc5abeccb9a2-1024x506.jpg 1024w, https:\/\/shiremomentum.com\/wp-content\/uploads\/2026\/05\/57a8feaa00fe915971c78611585bbc5abeccb9a2-768x379.jpg 768w, https:\/\/shiremomentum.com\/wp-content\/uploads\/2026\/05\/57a8feaa00fe915971c78611585bbc5abeccb9a2-18x9.jpg 18w\" sizes=\"auto, (max-width: 1440px) 100vw, 1440px\" \/><\/figure>\n\n\n\n<div class=\"wp-block-group is-style-default has-global-padding is-layout-constrained wp-block-group-is-layout-constrained\">\n<h3 class=\"wp-block-heading has-text-align-center\">Compromiso con la Sostenibilidad<\/h3>\n\n\n\n<p class=\"has-text-align-center\">Implementamos pr\u00e1cticas agr\u00edcolas responsables que promueven el cuidado ambiental y el desarrollo comunitario en Malawi, fortaleciendo nuestro impacto social.<\/p>\n<\/div>\n<\/div>\n<\/div>\n\n\n\n<div class=\"wp-block-column is-vertically-aligned-stretch ext-animate--on is-layout-flow wp-container-core-column-is-layout-f5bb311e wp-block-column-is-layout-flow\">\n<div class=\"wp-block-group is-style-ext-preset--group--natural-1--item-card-1--align-center has-global-padding is-layout-constrained wp-block-group-is-layout-constrained is-style-ext-preset--group--natural-1--item-card-1--align-center--14\">\n<figure class=\"wp-block-image aligncenter size-large ext-aspect-landscape\"><img loading=\"lazy\" decoding=\"async\" width=\"1440\" height=\"960\" class=\"wp-image-26\" src=\"https:\/\/shiremomentum.com\/wp-content\/uploads\/2026\/05\/d5732bc2dfa271d46dcd61c6a367300f33f6522d.jpg\" alt=\"\" style=\"aspect-ratio:4\/3;object-fit:cover\" srcset=\"https:\/\/shiremomentum.com\/wp-content\/uploads\/2026\/05\/d5732bc2dfa271d46dcd61c6a367300f33f6522d.jpg 1440w, https:\/\/shiremomentum.com\/wp-content\/uploads\/2026\/05\/d5732bc2dfa271d46dcd61c6a367300f33f6522d-300x200.jpg 300w, https:\/\/shiremomentum.com\/wp-content\/uploads\/2026\/05\/d5732bc2dfa271d46dcd61c6a367300f33f6522d-1024x683.jpg 1024w, https:\/\/shiremomentum.com\/wp-content\/uploads\/2026\/05\/d5732bc2dfa271d46dcd61c6a367300f33f6522d-768x512.jpg 768w, https:\/\/shiremomentum.com\/wp-content\/uploads\/2026\/05\/d5732bc2dfa271d46dcd61c6a367300f33f6522d-18x12.jpg 18w\" sizes=\"auto, (max-width: 1440px) 100vw, 1440px\" \/><\/figure>\n\n\n\n<div class=\"wp-block-group is-style-default has-global-padding is-layout-constrained wp-block-group-is-layout-constrained\">\n<h3 class=\"wp-block-heading\">Apoyo al Desarrollo Local<\/h3>\n\n\n\n<p class=\"has-text-align-center\">Invertimos en iniciativas que mejoran la calidad de vida de las comunidades agr\u00edcolas, fomentando crecimiento y estabilidad econ\u00f3mica para nuestros colaboradores.<\/p>\n<\/div>\n<\/div>\n<\/div>\n<\/div>\n\n\n\n<div class=\"wp-block-buttons ext-animate--on is-content-justification-center is-layout-flex wp-container-core-buttons-is-layout-a89b3969 wp-block-buttons-is-layout-flex\">\n<div class=\"wp-block-button is-style-ext-preset--button--natural-1--button-1 is-style-ext-preset--button--natural-1--button-1--15\"><a class=\"wp-block-button__link wp-element-button\" href=\"https:\/\/shiremomentum.com\/en\/servicios\/\">Conoce M\u00e1s<\/a><\/div>\n<\/div>\n<\/div>","protected":false},"excerpt":{"rendered":"<p>Descubre nuestra exclusiva colecci\u00f3n visual. Aqu\u00ed presentamos una selecci\u00f3n \u00fanica de fotograf\u00edas que reflejan la calidad y autenticidad de nuestros productos. Historias de \u00e9xito que reflejan nuestro compromiso con la calidad y sostenibilidad. Descubra c\u00f3mo Shire Momentum cultiva y exporta tabaco de primera calidad, apoyando comunidades locales y garantizando pr\u00e1cticas sostenibles desde el campo hasta [&hellip;]<\/p>\n","protected":false},"author":1,"featured_media":0,"parent":0,"menu_order":0,"comment_status":"closed","ping_status":"closed","template":"page-with-title","meta":{"footnotes":""},"class_list":["post-17","page","type-page","status-publish","hentry"],"_links":{"self":[{"href":"https:\/\/shiremomentum.com\/en\/wp-json\/wp\/v2\/pages\/17","targetHints":{"allow":["GET"]}}],"collection":[{"href":"https:\/\/shiremomentum.com\/en\/wp-json\/wp\/v2\/pages"}],"about":[{"href":"https:\/\/shiremomentum.com\/en\/wp-json\/wp\/v2\/types\/page"}],"author":[{"embeddable":true,"href":"https:\/\/shiremomentum.com\/en\/wp-json\/wp\/v2\/users\/1"}],"replies":[{"embeddable":true,"href":"https:\/\/shiremomentum.com\/en\/wp-json\/wp\/v2\/comments?post=17"}],"version-history":[{"count":2,"href":"https:\/\/shiremomentum.com\/en\/wp-json\/wp\/v2\/pages\/17\/revisions"}],"predecessor-version":[{"id":41,"href":"https:\/\/shiremomentum.com\/en\/wp-json\/wp\/v2\/pages\/17\/revisions\/41"}],"wp:attachment":[{"href":"https:\/\/shiremomentum.com\/en\/wp-json\/wp\/v2\/media?parent=17"}],"curies":[{"name":"wp","href":"https:\/\/api.w.org\/{rel}","templated":true}]}}